{"id":104,"date":"2021-01-11T14:02:49","date_gmt":"2021-01-11T14:02:49","guid":{"rendered":"https:\/\/www.dannyboy.fi\/?page_id=104"},"modified":"2023-09-02T10:21:28","modified_gmt":"2023-09-02T10:21:28","slug":"valikoima","status":"publish","type":"page","link":"https:\/\/www.dannyboy.fi\/?page_id=104","title":{"rendered":"Valikoima"},"content":{"rendered":"\n<h2 class=\"wp-block-heading has-text-align-center\">VALIKOIMA<\/h2>\n\n\n\n<p class=\"has-text-align-center has-medium-font-size\">Aitoa irlantilaista pubikulttuuria kunnioittaen valikoimamme sis\u00e4lt\u00e4\u00e4 useita aitoja irlantilaisia oluita ja viskej\u00e4. Tervetuloa nauttimaan!<\/p>\n\n\n\n<p class=\"has-text-align-left\">Olemme Viskien Yst\u00e4vien seuran (VYS) j\u00e4sen ja j\u00e4rjest\u00e4mme j\u00e4senille erikseen sovittaessa my\u00f6s tasting tilaisuuksia. Yleiset tasting -tilaisuudet olut\/viski vuorokuukausin. Valikoimassamme on irlantilaisten viskien lis\u00e4ksi skottilaisia sek\u00e4 muualta maailmasta vaihtuvat tarjonnat.<\/p>\n\n\n\n<p class=\"has-text-align-left\">Olut ja siideri valikoima koostuu tuttujen tuotteiden lis\u00e4ksi kotimaisista pienpanimotuotteista ja ulkomaalaisista erikoisoluista ja -siidereist\u00e4. <\/p>\n\n\n\n<p class=\"has-text-align-left\">Meilt\u00e4 voit kysy\u00e4 erilaisiin juomiin tai juomasekoituksiin liittyen, niin palvelemme teit\u00e4 parhaan kykymme mukaan ja tarpeen vaatiessa selvit\u00e4mme lis\u00e4\u00e4 tietoa. J\u00e4rjest\u00e4mme tilauksesta drinkkikouluja ryhmille. Kysy tarjousta.<\/p>\n\n\n<div class=\"wp-block-image\">\n<figure class=\"aligncenter size-full\"><img loading=\"lazy\" decoding=\"async\" width=\"2560\" height=\"1707\" src=\"https:\/\/www.dannyboy.fi\/wp-content\/uploads\/2021\/01\/DB-cognac-0421-scaled.jpg\" alt=\"\" class=\"wp-image-107\" srcset=\"https:\/\/www.dannyboy.fi\/wp-content\/uploads\/2021\/01\/DB-cognac-0421-scaled.jpg 2560w, https:\/\/www.dannyboy.fi\/wp-content\/uploads\/2021\/01\/DB-cognac-0421-300x200.jpg 300w, https:\/\/www.dannyboy.fi\/wp-content\/uploads\/2021\/01\/DB-cognac-0421-1024x683.jpg 1024w, https:\/\/www.dannyboy.fi\/wp-content\/uploads\/2021\/01\/DB-cognac-0421-768x512.jpg 768w, https:\/\/www.dannyboy.fi\/wp-content\/uploads\/2021\/01\/DB-cognac-0421-1536x1024.jpg 1536w, https:\/\/www.dannyboy.fi\/wp-content\/uploads\/2021\/01\/DB-cognac-0421-2048x1365.jpg 2048w\" sizes=\"auto, (max-width: 706px) 89vw, (max-width: 767px) 82vw, 740px\" \/><\/figure><\/div>\n\n<div class=\"wp-block-image\">\n<figure class=\"aligncenter size-full\"><img loading=\"lazy\" decoding=\"async\" width=\"2560\" height=\"1707\" src=\"https:\/\/www.dannyboy.fi\/wp-content\/uploads\/2021\/01\/DB-GUINESS-1-scaled.jpg\" alt=\"\" class=\"wp-image-108\" srcset=\"https:\/\/www.dannyboy.fi\/wp-content\/uploads\/2021\/01\/DB-GUINESS-1-scaled.jpg 2560w, https:\/\/www.dannyboy.fi\/wp-content\/uploads\/2021\/01\/DB-GUINESS-1-300x200.jpg 300w, https:\/\/www.dannyboy.fi\/wp-content\/uploads\/2021\/01\/DB-GUINESS-1-1024x683.jpg 1024w, https:\/\/www.dannyboy.fi\/wp-content\/uploads\/2021\/01\/DB-GUINESS-1-768x512.jpg 768w, https:\/\/www.dannyboy.fi\/wp-content\/uploads\/2021\/01\/DB-GUINESS-1-1536x1024.jpg 1536w, https:\/\/www.dannyboy.fi\/wp-content\/uploads\/2021\/01\/DB-GUINESS-1-2048x1365.jpg 2048w\" sizes=\"auto, (max-width: 706px) 89vw, (max-width: 767px) 82vw, 740px\" \/><\/figure><\/div>\n\n<div class=\"wp-block-image\">\n<figure class=\"aligncenter size-full\"><img loading=\"lazy\" decoding=\"async\" width=\"2560\" height=\"1707\" src=\"https:\/\/www.dannyboy.fi\/wp-content\/uploads\/2021\/01\/DB-jameson-promo-1-scaled.jpg\" alt=\"\" class=\"wp-image-109\" srcset=\"https:\/\/www.dannyboy.fi\/wp-content\/uploads\/2021\/01\/DB-jameson-promo-1-scaled.jpg 2560w, https:\/\/www.dannyboy.fi\/wp-content\/uploads\/2021\/01\/DB-jameson-promo-1-300x200.jpg 300w, https:\/\/www.dannyboy.fi\/wp-content\/uploads\/2021\/01\/DB-jameson-promo-1-1024x683.jpg 1024w, https:\/\/www.dannyboy.fi\/wp-content\/uploads\/2021\/01\/DB-jameson-promo-1-768x512.jpg 768w, https:\/\/www.dannyboy.fi\/wp-content\/uploads\/2021\/01\/DB-jameson-promo-1-1536x1024.jpg 1536w, https:\/\/www.dannyboy.fi\/wp-content\/uploads\/2021\/01\/DB-jameson-promo-1-2048x1365.jpg 2048w\" sizes=\"auto, (max-width: 706px) 89vw, (max-width: 767px) 82vw, 740px\" \/><\/figure><\/div>\n\n<div class=\"wp-block-image\">\n<figure class=\"aligncenter size-full\"><img loading=\"lazy\" decoding=\"async\" width=\"2560\" height=\"1842\" src=\"https:\/\/www.dannyboy.fi\/wp-content\/uploads\/2021\/01\/DB-viinoja-0449-scaled.jpg\" alt=\"\" class=\"wp-image-110\" srcset=\"https:\/\/www.dannyboy.fi\/wp-content\/uploads\/2021\/01\/DB-viinoja-0449-scaled.jpg 2560w, https:\/\/www.dannyboy.fi\/wp-content\/uploads\/2021\/01\/DB-viinoja-0449-300x216.jpg 300w, https:\/\/www.dannyboy.fi\/wp-content\/uploads\/2021\/01\/DB-viinoja-0449-1024x737.jpg 1024w, https:\/\/www.dannyboy.fi\/wp-content\/uploads\/2021\/01\/DB-viinoja-0449-768x553.jpg 768w, https:\/\/www.dannyboy.fi\/wp-content\/uploads\/2021\/01\/DB-viinoja-0449-1536x1105.jpg 1536w, https:\/\/www.dannyboy.fi\/wp-content\/uploads\/2021\/01\/DB-viinoja-0449-2048x1474.jpg 2048w\" sizes=\"auto, (max-width: 706px) 89vw, (max-width: 767px) 82vw, 740px\" \/><\/figure><\/div>\n\n<div class=\"wp-block-image\">\n<figure class=\"aligncenter size-full\"><img loading=\"lazy\" decoding=\"async\" width=\"2560\" height=\"1707\" src=\"https:\/\/www.dannyboy.fi\/wp-content\/uploads\/2021\/01\/DB-whiskies-1-1-scaled.jpg\" alt=\"\" class=\"wp-image-111\" srcset=\"https:\/\/www.dannyboy.fi\/wp-content\/uploads\/2021\/01\/DB-whiskies-1-1-scaled.jpg 2560w, https:\/\/www.dannyboy.fi\/wp-content\/uploads\/2021\/01\/DB-whiskies-1-1-300x200.jpg 300w, https:\/\/www.dannyboy.fi\/wp-content\/uploads\/2021\/01\/DB-whiskies-1-1-1024x683.jpg 1024w, https:\/\/www.dannyboy.fi\/wp-content\/uploads\/2021\/01\/DB-whiskies-1-1-768x512.jpg 768w, https:\/\/www.dannyboy.fi\/wp-content\/uploads\/2021\/01\/DB-whiskies-1-1-1536x1024.jpg 1536w, https:\/\/www.dannyboy.fi\/wp-content\/uploads\/2021\/01\/DB-whiskies-1-1-2048x1365.jpg 2048w\" sizes=\"auto, (max-width: 706px) 89vw, (max-width: 767px) 82vw, 740px\" \/><\/figure><\/div>","protected":false},"excerpt":{"rendered":"<p>VALIKOIMA Aitoa irlantilaista pubikulttuuria kunnioittaen valikoimamme sis\u00e4lt\u00e4\u00e4 useita aitoja irlantilaisia oluita ja viskej\u00e4. Tervetuloa nauttimaan! Olemme Viskien Yst\u00e4vien seuran (VYS) j\u00e4sen ja j\u00e4rjest\u00e4mme j\u00e4senille erikseen sovittaessa my\u00f6s tasting tilaisuuksia. Yleiset tasting -tilaisuudet olut\/viski vuorokuukausin. Valikoimassamme on irlantilaisten viskien lis\u00e4ksi skottilaisia sek\u00e4 muualta maailmasta vaihtuvat tarjonnat. Olut ja siideri valikoima koostuu tuttujen tuotteiden lis\u00e4ksi kotimaisista pienpanimotuotteista &hellip; <\/p>\n<p class=\"link-more\"><a href=\"https:\/\/www.dannyboy.fi\/?page_id=104\" class=\"more-link\">Jatka lukemista<span class=\"screen-reader-text\"> &#8221;Valikoima&#8221;<\/span><\/a><\/p>\n","protected":false},"author":1,"featured_media":0,"parent":0,"menu_order":0,"comment_status":"closed","ping_status":"closed","template":"","meta":{"footnotes":""},"class_list":["post-104","page","type-page","status-publish","hentry"],"_links":{"self":[{"href":"https:\/\/www.dannyboy.fi\/index.php?rest_route=\/wp\/v2\/pages\/104","targetHints":{"allow":["GET"]}}],"collection":[{"href":"https:\/\/www.dannyboy.fi\/index.php?rest_route=\/wp\/v2\/pages"}],"about":[{"href":"https:\/\/www.dannyboy.fi\/index.php?rest_route=\/wp\/v2\/types\/page"}],"author":[{"embeddable":true,"href":"https:\/\/www.dannyboy.fi\/index.php?rest_route=\/wp\/v2\/users\/1"}],"replies":[{"embeddable":true,"href":"https:\/\/www.dannyboy.fi\/index.php?rest_route=%2Fwp%2Fv2%2Fcomments&post=104"}],"version-history":[{"count":13,"href":"https:\/\/www.dannyboy.fi\/index.php?rest_route=\/wp\/v2\/pages\/104\/revisions"}],"predecessor-version":[{"id":320,"href":"https:\/\/www.dannyboy.fi\/index.php?rest_route=\/wp\/v2\/pages\/104\/revisions\/320"}],"wp:attachment":[{"href":"https:\/\/www.dannyboy.fi\/index.php?rest_route=%2Fwp%2Fv2%2Fmedia&parent=104"}],"curies":[{"name":"wp","href":"https:\/\/api.w.org\/{rel}","templated":true}]}}