{"id":7,"date":"2021-01-11T11:30:51","date_gmt":"2021-01-11T11:30:51","guid":{"rendered":"http:\/\/www.dannyboy.fi\/?page_id=7"},"modified":"2024-09-11T13:25:11","modified_gmt":"2024-09-11T13:25:11","slug":"ota-yhteytta","status":"publish","type":"page","link":"https:\/\/www.dannyboy.fi\/?page_id=7","title":{"rendered":"Ota yhteytt\u00e4"},"content":{"rendered":"\n<p>AUKIOLOAJAT: Valomerkki 30 min ennen<br>MA \u00a0 suljettu<br>TI\u00a0 \u00a0 \u00a0 18 &#8211; 24<br>KE\u00a0 \u00a0 18 &#8211; 24<br>TO\u00a0 \u00a0 18 &#8211; 24<br>PE \u00a0 \u00a0 16 &#8211; 02<br>LA \u00a0 \u00a0 16- 02<br>SU \u00a0 \u00a0 18-23<\/p>\n\n\n\n<p>Original Irish Pub Danny Boy<br>Matti Visanninkuja 15 B 8<br>60100 SEIN\u00c4JOKI<\/p>\n\n\n\n<p><a href=\"mailto:info@dannyboy.fi\">info[\u00e4t]dannyboy.fi<\/a><\/p>\n\n\n\n<p>Puhelut (Ti-Su klo 18-24(23)) p, <a href=\"tel:0504211000\">0504211000<\/a><\/p>\n\n\n\n<p>WhatsUp -viesti: <span style=\"text-decoration: underline;\">0451680707<\/span><\/p>\n\n\n\n<p><\/p>\n\n\n\n<p>My\u00f6s yksityistilaisuudet tarjoiluineen, kysy lis\u00e4\u00e4 <a href=\"mailto:info@dannyboy.fi\">info[\u00e4t]dannyboy.fi<\/a><\/p>\n\n\n\n<iframe loading=\"lazy\" src=\"https:\/\/www.google.com\/maps\/embed?pb=!1m18!1m12!1m3!1d1824.2398933868114!2d22.834875416571922!3d62.791891035741884!2m3!1f0!2f0!3f0!3m2!1i1024!2i768!4f13.1!3m3!1m2!1s0x4687cbbd198aa10d%3A0xdf878e980a8fdefc!2sIrish%20Pub%20Danny%20Boy!5e0!3m2!1sfi!2sfi!4v1610365302769!5m2!1sfi!2sfi\" style=\"border:0;\" allowfullscreen=\"\" aria-hidden=\"false\" tabindex=\"0\" width=\"600\" height=\"450\" frameborder=\"0\"><\/iframe>\n","protected":false},"excerpt":{"rendered":"<p>Original Irish Pub Danny BoyMatti Visanninkuja 15 B 860100 SEIN\u00c4JOKI info[\u00e4t]dannyboy.fi Puhelut (Ti-Su klo 18-24(23)) p, 0504211000 WhatsUp -viesti: 0451680707 My\u00f6s yksityistilaisuudet tarjoiluineen, kysy lis\u00e4\u00e4 info[\u00e4t]dannyboy.fi<\/p>\n","protected":false},"author":1,"featured_media":0,"parent":0,"menu_order":0,"comment_status":"closed","ping_status":"closed","template":"","meta":{"footnotes":""},"class_list":["post-7","page","type-page","status-publish","hentry"],"_links":{"self":[{"href":"https:\/\/www.dannyboy.fi\/index.php?rest_route=\/wp\/v2\/pages\/7","targetHints":{"allow":["GET"]}}],"collection":[{"href":"https:\/\/www.dannyboy.fi\/index.php?rest_route=\/wp\/v2\/pages"}],"about":[{"href":"https:\/\/www.dannyboy.fi\/index.php?rest_route=\/wp\/v2\/types\/page"}],"author":[{"embeddable":true,"href":"https:\/\/www.dannyboy.fi\/index.php?rest_route=\/wp\/v2\/users\/1"}],"replies":[{"embeddable":true,"href":"https:\/\/www.dannyboy.fi\/index.php?rest_route=%2Fwp%2Fv2%2Fcomments&post=7"}],"version-history":[{"count":9,"href":"https:\/\/www.dannyboy.fi\/index.php?rest_route=\/wp\/v2\/pages\/7\/revisions"}],"predecessor-version":[{"id":371,"href":"https:\/\/www.dannyboy.fi\/index.php?rest_route=\/wp\/v2\/pages\/7\/revisions\/371"}],"wp:attachment":[{"href":"https:\/\/www.dannyboy.fi\/index.php?rest_route=%2Fwp%2Fv2%2Fmedia&parent=7"}],"curies":[{"name":"wp","href":"https:\/\/api.w.org\/{rel}","templated":true}]}}